{"id":6057,"date":"2024-10-13T12:42:33","date_gmt":"2024-10-13T10:42:33","guid":{"rendered":"https:\/\/yui-official.ch\/produkt\/luna-blouse\/"},"modified":"2026-03-25T09:34:22","modified_gmt":"2026-03-25T08:34:22","slug":"luna-blouse","status":"publish","type":"product","link":"https:\/\/yui-official.ch\/en\/product\/luna-blouse\/","title":{"rendered":"Luna Blouse"},"content":{"rendered":"<p><strong>Pflegehinweise:<\/strong><\/p>\n<ul>\n<li>Maschinenwaschen bei 20 Grad | machine wash at 20 degrees<\/li>\n<li>nicht im Trockner trocknen | do not tumble dry<\/li>\n<li>b\u00fcgeln bei niedriger Temperatur | iron at low temperature<\/li>\n<\/ul>\n<p>&nbsp;<\/p>\n<p style=\"text-align: left;\"><strong>Size Luna Blouse (Brust &#8211; Taille &#8211; L\u00e4nge):<\/strong><\/p>\n<p style=\"text-align: left;\">S: 92 &#8211; 92 &#8211; 50<\/p>\n<p style=\"text-align: left;\">M: 96 &#8211; 96 &#8211; 52<\/p>\n<p style=\"text-align: left;\">L: 100 &#8211; 100 &#8211; 54<\/p>\n<p style=\"text-align: left;\">XL: 104 &#8211; 104 &#8211; 56<\/p>\n<p>&nbsp;<\/p>\n","protected":false},"excerpt":{"rendered":"<p>Die weit geschnittene Musselin-Bluse kombiniert Leichtigkeit mit verspieltem Design. Der sanfte, atmungsaktive Stoff sorgt f\u00fcr optimalen Tragekomfort, w\u00e4hrend der lockere Schnitt Bewegungsfreiheit bietet. Der charmante Einsatz an den Schultern verleiht der Bluse eine feminine Note, w\u00e4hrend die elastischen \u00c4rmelabschl\u00fcsse f\u00fcr einen angenehmen Sitz sorgen. Ein vielseitiges Kleidungsst\u00fcck, das sich m\u00fchelos f\u00fcr den Alltag oder besondere Anl\u00e4sse stylen l\u00e4sst.<\/p>\n<p>&nbsp;<\/p>\n<ul>\n<li>Material: 100 % Baumwolle (Musselin)<\/li>\n<li>Lockerer, bequemer Schnitt<\/li>\n<li>Elastische \u00c4rmelabschl\u00fcsse f\u00fcr einen perfekten Sitz<\/li>\n<li>Verspielter Schulter-Einsatz f\u00fcr einen besonderen Akzent<\/li>\n<li>Leicht, atmungsaktiv und angenehm auf der Haut<\/li>\n<\/ul>\n","protected":false},"featured_media":5917,"comment_status":"closed","ping_status":"closed","template":"","meta":{"wds_primary_product_brand":0,"wds_primary_product_cat":0,"wds_primary_giftcard-category":0},"product_brand":[],"product_cat":[25],"product_tag":[],"giftcard-category":[],"class_list":{"0":"post-6057","1":"product","2":"type-product","3":"status-publish","4":"has-post-thumbnail","6":"product_cat-modelle","7":"product_shipping_class-gross","9":"first","10":"instock","11":"purchasable","12":"product-type-variable","13":"rtwpvs-product"},"_links":{"self":[{"href":"https:\/\/yui-official.ch\/en\/wp-json\/wp\/v2\/product\/6057","targetHints":{"allow":["GET"]}}],"collection":[{"href":"https:\/\/yui-official.ch\/en\/wp-json\/wp\/v2\/product"}],"about":[{"href":"https:\/\/yui-official.ch\/en\/wp-json\/wp\/v2\/types\/product"}],"replies":[{"embeddable":true,"href":"https:\/\/yui-official.ch\/en\/wp-json\/wp\/v2\/comments?post=6057"}],"wp:featuredmedia":[{"embeddable":true,"href":"https:\/\/yui-official.ch\/en\/wp-json\/wp\/v2\/media\/5917"}],"wp:attachment":[{"href":"https:\/\/yui-official.ch\/en\/wp-json\/wp\/v2\/media?parent=6057"}],"wp:term":[{"taxonomy":"product_brand","embeddable":true,"href":"https:\/\/yui-official.ch\/en\/wp-json\/wp\/v2\/product_brand?post=6057"},{"taxonomy":"product_cat","embeddable":true,"href":"https:\/\/yui-official.ch\/en\/wp-json\/wp\/v2\/product_cat?post=6057"},{"taxonomy":"product_tag","embeddable":true,"href":"https:\/\/yui-official.ch\/en\/wp-json\/wp\/v2\/product_tag?post=6057"},{"taxonomy":"giftcard-category","embeddable":true,"href":"https:\/\/yui-official.ch\/en\/wp-json\/wp\/v2\/giftcard-category?post=6057"}],"curies":[{"name":"wp","href":"https:\/\/api.w.org\/{rel}","templated":true}]}}