{"id":6027,"date":"2024-10-13T12:21:47","date_gmt":"2024-10-13T10:21:47","guid":{"rendered":"https:\/\/yui-official.ch\/produkt\/cord-pants\/"},"modified":"2024-12-05T13:55:41","modified_gmt":"2024-12-05T12:55:41","slug":"cord-pants","status":"publish","type":"product","link":"https:\/\/yui-official.ch\/en\/product\/cord-pants\/","title":{"rendered":"Cord Pants"},"content":{"rendered":"<p><strong>Pflegehinweise:<\/strong><\/p>\n<ul>\n<li>Maschinenwaschen bei 20 Grad | machine wash at 20 degrees<\/li>\n<li>nicht im Trockner trocknen | do not tumble dry<\/li>\n<li>b\u00fcgeln bei niedriger Temperatur | iron at low temperature<\/li>\n<\/ul>\n<p>&nbsp;<\/p>\n<p style=\"text-align: left;\"><strong>Size Cord Pants (Taille &#8211; H\u00fcfte &#8211; L\u00e4nge Seite):<\/strong><\/p>\n<p style=\"text-align: left;\">S: 72 &#8211; 100 &#8211; 105<\/p>\n<p style=\"text-align: left;\">M: 76 &#8211; 104 &#8211; 106<\/p>\n<p style=\"text-align: left;\">L: 80 &#8211; 108 &#8211; 106<\/p>\n<p style=\"text-align: left;\">XL: 84 &#8211; 112 &#8211; 107<\/p>\n<p>Die L\u00e4nge ist bei Bedarf individuell anpassbar.<\/p>\n","protected":false},"excerpt":{"rendered":"<p>Die weit geschnittene Cord-Hose vereint Komfort und Stil in einem l\u00e4ssigen Design. Der weiche Cord-Stoff f\u00fchlt sich angenehm auf der Haut an, w\u00e4hrend die seitlichen Taschen f\u00fcr praktischen Stauraum sorgen. Vorne verf\u00fcgt die Hose \u00fcber einen klassischen Bund mit Hosenreissverschluss, w\u00e4hrend der elastische Bund im R\u00fccken f\u00fcr zus\u00e4tzlichen Komfort und eine optimale Passform sorgt. Ein besonderes Extra: Bei der Bestellung kann die Taillenweite individuell an deine Masse angepasst werden. So passt die Hose perfekt und tr\u00e4gt sich den ganzen Tag \u00fcber bequem.<\/p>\n<p>&nbsp;<\/p>\n<ul>\n<li>Material: Weicher Baumwoll-Cord, angenehm und leicht elastisch<\/li>\n<li>Weites, bequemes Design mit seitlichen Taschen<\/li>\n<li>Vorderer Bund mit Hosenreissverschluss, elastischer Bund im R\u00fccken<\/li>\n<li>Individuelle Anpassung der Taillenweite auf Wunsch m\u00f6glich<\/li>\n<li>Vielseitig kombinierbar und ideal f\u00fcr jeden Tag<\/li>\n<\/ul>\n","protected":false},"featured_media":5927,"comment_status":"closed","ping_status":"closed","template":"","meta":{"wds_primary_product_brand":0,"wds_primary_product_cat":0,"wds_primary_giftcard-category":0},"product_brand":[],"product_cat":[25],"product_tag":[],"giftcard-category":[],"class_list":{"0":"post-6027","1":"product","2":"type-product","3":"status-publish","4":"has-post-thumbnail","6":"product_cat-modelle","7":"product_shipping_class-gross","9":"first","10":"instock","11":"purchasable","12":"product-type-variable","13":"rtwpvs-product"},"_links":{"self":[{"href":"https:\/\/yui-official.ch\/en\/wp-json\/wp\/v2\/product\/6027","targetHints":{"allow":["GET"]}}],"collection":[{"href":"https:\/\/yui-official.ch\/en\/wp-json\/wp\/v2\/product"}],"about":[{"href":"https:\/\/yui-official.ch\/en\/wp-json\/wp\/v2\/types\/product"}],"replies":[{"embeddable":true,"href":"https:\/\/yui-official.ch\/en\/wp-json\/wp\/v2\/comments?post=6027"}],"wp:featuredmedia":[{"embeddable":true,"href":"https:\/\/yui-official.ch\/en\/wp-json\/wp\/v2\/media\/5927"}],"wp:attachment":[{"href":"https:\/\/yui-official.ch\/en\/wp-json\/wp\/v2\/media?parent=6027"}],"wp:term":[{"taxonomy":"product_brand","embeddable":true,"href":"https:\/\/yui-official.ch\/en\/wp-json\/wp\/v2\/product_brand?post=6027"},{"taxonomy":"product_cat","embeddable":true,"href":"https:\/\/yui-official.ch\/en\/wp-json\/wp\/v2\/product_cat?post=6027"},{"taxonomy":"product_tag","embeddable":true,"href":"https:\/\/yui-official.ch\/en\/wp-json\/wp\/v2\/product_tag?post=6027"},{"taxonomy":"giftcard-category","embeddable":true,"href":"https:\/\/yui-official.ch\/en\/wp-json\/wp\/v2\/giftcard-category?post=6027"}],"curies":[{"name":"wp","href":"https:\/\/api.w.org\/{rel}","templated":true}]}}