{"id":4838,"date":"2024-02-25T13:32:02","date_gmt":"2024-02-25T12:32:02","guid":{"rendered":"http:\/\/yui-official.ch\/produkt\/aya-kleid\/"},"modified":"2024-11-21T20:31:02","modified_gmt":"2024-11-21T19:31:02","slug":"aya-kleid","status":"publish","type":"product","link":"https:\/\/yui-official.ch\/en\/product\/aya-kleid\/","title":{"rendered":"Aya Dress"},"content":{"rendered":"<p><strong>Pflegehinweise:<\/strong><\/p>\n<ul>\n<li>Maschinenwaschen bei 20 Grad | machine wash at 20 degrees<\/li>\n<li>nicht im Trockner trocknen | do not tumble dry<\/li>\n<li>b\u00fcgeln bei niedriger Temperatur | iron at low temperature<\/li>\n<\/ul>\n<p style=\"text-align: left;\"><strong>Size Guide Aya:<\/strong><\/p>\n<p style=\"text-align: left;\">XS: 98 \/ 98 \/ 98<\/p>\n<p style=\"text-align: left;\">S: 106 \/ 106 \/ 106<\/p>\n<p style=\"text-align: left;\">M: 114 \/ 114 \/ 114<\/p>\n<p style=\"text-align: left;\">L: 122 \/ 122 \/ 122<\/p>\n<p style=\"text-align: left;\">XL: 130 \/ 130 \/ 130<\/p>\n<p style=\"text-align: left;\"><b>Rockl\u00e4nge bei einer Gr\u00f6sse von 168cm:<\/b><\/p>\n<p style=\"text-align: left;\">short: 56cm<\/p>\n<p style=\"text-align: left;\">long: 72cm<\/p>\n","protected":false},"excerpt":{"rendered":"<p>Wir lieben unser Aya-Kleid! Du bestimmst, ob du dein Kleid mit langem oder kurzem \u00c4rmel, mit oder ohne Kragen haben m\u00f6chtest. Durch die verschiedenen Variationen l\u00e4sst sich das Kleid f\u00fcr jede Jahreszeit kreieren. Das Aya-Kleid ist dank seiner Weite in der Taille superbequem zu tragen. Mit den B\u00e4ndeln in der Seite l\u00e4sst es sich auf die gew\u00fcnschte Weite taillieren.<\/p>\n<p><strong>Materialien:<\/strong><\/p>\n<ul>\n<li>Stoffe: Alle Stoffe sind Deadstock-Stoffe aus 100 % nat\u00fcrlichen Fasern.<\/li>\n<li>Gummiband: Das Gummiband besteht aus Bio-Baumwolle und Naturkautschuk und ist somit zu 100 % biologisch abbaubar.<\/li>\n<li>Kn\u00f6pfe: Alle Kn\u00f6pfe bestehen aus Corozo und sind OEKO-TEX 100 zertifiziert. F\u00fcr die Herstellung von Corozo-Kn\u00f6pfen m\u00fcssen keine B\u00e4ume gef\u00e4llt werden, da sie aus dem Samen der Corozo-Palme hergestellt werden und somit ebenfalls zu 100 % biologisch abbaubar sind.<\/li>\n<\/ul>\n","protected":false},"featured_media":1605,"comment_status":"closed","ping_status":"closed","template":"","meta":{"wds_primary_product_brand":0,"wds_primary_product_cat":0,"wds_primary_giftcard-category":0},"product_brand":[],"product_cat":[25],"product_tag":[],"giftcard-category":[],"class_list":{"0":"post-4838","1":"product","2":"type-product","3":"status-publish","4":"has-post-thumbnail","6":"product_cat-modelle","7":"product_shipping_class-gross","8":"pa_stoffe-chiffon","9":"pa_stoffe-flannel","10":"pa_stoffe-jacquard","11":"pa_stoffe-linen-cotton","12":"pa_stoffe-popline-glencheck","13":"pa_stoffe-popline-printed","15":"first","16":"instock","17":"purchasable","18":"product-type-variable","19":"rtwpvs-product"},"_links":{"self":[{"href":"https:\/\/yui-official.ch\/en\/wp-json\/wp\/v2\/product\/4838","targetHints":{"allow":["GET"]}}],"collection":[{"href":"https:\/\/yui-official.ch\/en\/wp-json\/wp\/v2\/product"}],"about":[{"href":"https:\/\/yui-official.ch\/en\/wp-json\/wp\/v2\/types\/product"}],"replies":[{"embeddable":true,"href":"https:\/\/yui-official.ch\/en\/wp-json\/wp\/v2\/comments?post=4838"}],"wp:featuredmedia":[{"embeddable":true,"href":"https:\/\/yui-official.ch\/en\/wp-json\/wp\/v2\/media\/1605"}],"wp:attachment":[{"href":"https:\/\/yui-official.ch\/en\/wp-json\/wp\/v2\/media?parent=4838"}],"wp:term":[{"taxonomy":"product_brand","embeddable":true,"href":"https:\/\/yui-official.ch\/en\/wp-json\/wp\/v2\/product_brand?post=4838"},{"taxonomy":"product_cat","embeddable":true,"href":"https:\/\/yui-official.ch\/en\/wp-json\/wp\/v2\/product_cat?post=4838"},{"taxonomy":"product_tag","embeddable":true,"href":"https:\/\/yui-official.ch\/en\/wp-json\/wp\/v2\/product_tag?post=4838"},{"taxonomy":"giftcard-category","embeddable":true,"href":"https:\/\/yui-official.ch\/en\/wp-json\/wp\/v2\/giftcard-category?post=4838"}],"curies":[{"name":"wp","href":"https:\/\/api.w.org\/{rel}","templated":true}]}}