{"id":660,"date":"2023-10-20T14:03:00","date_gmt":"2023-10-20T12:03:00","guid":{"rendered":"http:\/\/yui-official.ch\/about-me\/"},"modified":"2024-01-05T13:27:38","modified_gmt":"2024-01-05T12:27:38","slug":"about-me","status":"publish","type":"page","link":"https:\/\/yui-official.ch\/en\/about-me\/","title":{"rendered":"About me"},"content":{"rendered":"\t\t<div data-elementor-type=\"wp-page\" data-elementor-id=\"660\" class=\"elementor elementor-660 elementor-196\" data-elementor-post-type=\"page\">\n\t\t\t\t<div class=\"elementor-element elementor-element-29237d9 e-flex e-con-boxed e-con e-parent\" data-id=\"29237d9\" data-element_type=\"container\" data-e-type=\"container\" data-settings=\"{&quot;jet_parallax_layout_list&quot;:[]}\">\n\t\t\t\t\t<div class=\"e-con-inner\">\n\t\t\t\t<div class=\"elementor-element elementor-element-4bb6cc9 elementor-widget elementor-widget-heading\" data-id=\"4bb6cc9\" data-element_type=\"widget\" data-e-type=\"widget\" data-widget_type=\"heading.default\">\n\t\t\t\t<div class=\"elementor-widget-container\">\n\t\t\t\t\t<h2 class=\"elementor-heading-title elementor-size-default\">About me<\/h2>\t\t\t\t<\/div>\n\t\t\t\t<\/div>\n\t\t\t\t<div class=\"elementor-element elementor-element-875d491 elementor-widget elementor-widget-text-editor\" data-id=\"875d491\" data-element_type=\"widget\" data-e-type=\"widget\" data-widget_type=\"text-editor.default\">\n\t\t\t\t<div class=\"elementor-widget-container\">\n\t\t\t\t\t\t\t\t\t<p>Hi, nice to meet you! My name is D\u00e9sir\u00e9e, but everyone calls me D\u00e9si\/Daisy. A few years ago, I followed my heart and started my apprentice ship as a certified dressmaker, which I successfully completed in the summer of 2022. Currently, I am studying Fashion Design HFP at the STF in Zurich.<\/p><p>Since childhood, I&#8217;ve been fascinated by the Japanese culture and its fashion. I adored manga and anime, and I even sewed my own cosplays. I lived in Tokyo for 2 years and attended school there. It was during my time in Japan, influenced by the Japanese fashion scene, that I discovered my passion for fashion. With YUI I am fulfilling another dream.<\/p>\t\t\t\t\t\t\t\t<\/div>\n\t\t\t\t<\/div>\n\t\t\t\t\t<\/div>\n\t\t\t\t<\/div>\n\t\t<div class=\"elementor-element elementor-element-4d8ccd5 e-flex e-con-boxed e-con e-parent\" data-id=\"4d8ccd5\" data-element_type=\"container\" data-e-type=\"container\" data-settings=\"{&quot;jet_parallax_layout_list&quot;:[]}\">\n\t\t\t\t\t<div class=\"e-con-inner\">\n\t\t<div class=\"elementor-element elementor-element-370a44f e-con-full e-flex e-con e-child\" data-id=\"370a44f\" data-element_type=\"container\" data-e-type=\"container\" data-settings=\"{&quot;background_background&quot;:&quot;classic&quot;,&quot;jet_parallax_layout_list&quot;:[]}\">\n\t\t\t\t<\/div>\n\t\t<div class=\"elementor-element elementor-element-0462b6f e-con-full e-flex e-con e-child\" data-id=\"0462b6f\" data-element_type=\"container\" data-e-type=\"container\" data-settings=\"{&quot;background_background&quot;:&quot;classic&quot;,&quot;jet_parallax_layout_list&quot;:[]}\">\n\t\t\t\t<div class=\"elementor-element elementor-element-abcdcab elementor-widget elementor-widget-heading\" data-id=\"abcdcab\" data-element_type=\"widget\" data-e-type=\"widget\" data-widget_type=\"heading.default\">\n\t\t\t\t<div class=\"elementor-widget-container\">\n\t\t\t\t\t<h2 class=\"elementor-heading-title elementor-size-default\">My Vision<\/h2>\t\t\t\t<\/div>\n\t\t\t\t<\/div>\n\t\t\t\t<div class=\"elementor-element elementor-element-0569f38 elementor-widget elementor-widget-text-editor\" data-id=\"0569f38\" data-element_type=\"widget\" data-e-type=\"widget\" data-widget_type=\"text-editor.default\">\n\t\t\t\t<div class=\"elementor-widget-container\">\n\t\t\t\t\t\t\t\t\t<p>Yui is a popular Japanese girl&#8217;s name. It means &#8220;superior garment,&#8221; but it can also be written with characters that mean &#8220;dream&#8221; and &#8220;beauty.&#8221; With YUI, I want to make a statement against Fast Fashion and advocate for a more sustainable clothing industry. Sustainability and quality are very important to me. Additionally, I also want to take into account the preferences of my customers.<\/p>\t\t\t\t\t\t\t\t<\/div>\n\t\t\t\t<\/div>\n\t\t\t\t<\/div>\n\t\t\t\t\t<\/div>\n\t\t\t\t<\/div>\n\t\t\t\t<\/div>\n\t\t","protected":false},"excerpt":{"rendered":"<p>About me Hi, nice to meet you! My name is D\u00e9sir\u00e9e, but everyone calls me D\u00e9si\/Daisy. A few years ago, I followed my heart and started my apprentice ship as a certified dressmaker, which I successfully completed in the summer of 2022. Currently, I am studying Fashion Design HFP at the STF in Zurich. Since [&hellip;]<\/p>\n","protected":false},"author":1,"featured_media":0,"parent":0,"menu_order":0,"comment_status":"closed","ping_status":"closed","template":"","meta":{"footnotes":""},"class_list":["post-660","page","type-page","status-publish","hentry"],"_links":{"self":[{"href":"https:\/\/yui-official.ch\/en\/wp-json\/wp\/v2\/pages\/660","targetHints":{"allow":["GET"]}}],"collection":[{"href":"https:\/\/yui-official.ch\/en\/wp-json\/wp\/v2\/pages"}],"about":[{"href":"https:\/\/yui-official.ch\/en\/wp-json\/wp\/v2\/types\/page"}],"author":[{"embeddable":true,"href":"https:\/\/yui-official.ch\/en\/wp-json\/wp\/v2\/users\/1"}],"replies":[{"embeddable":true,"href":"https:\/\/yui-official.ch\/en\/wp-json\/wp\/v2\/comments?post=660"}],"version-history":[{"count":17,"href":"https:\/\/yui-official.ch\/en\/wp-json\/wp\/v2\/pages\/660\/revisions"}],"predecessor-version":[{"id":1299,"href":"https:\/\/yui-official.ch\/en\/wp-json\/wp\/v2\/pages\/660\/revisions\/1299"}],"wp:attachment":[{"href":"https:\/\/yui-official.ch\/en\/wp-json\/wp\/v2\/media?parent=660"}],"curies":[{"name":"wp","href":"https:\/\/api.w.org\/{rel}","templated":true}]}}